{"id":1946,"date":"2025-05-18T17:21:55","date_gmt":"2025-05-18T17:21:55","guid":{"rendered":"https:\/\/doroger.co.il\/frame-for-a-service-opening-for-a-plasterboard-ceiling\/"},"modified":"2026-01-20T11:29:42","modified_gmt":"2026-01-20T11:29:42","slug":"frame-for-service-opening-in-drg-5-1-gypsum-ceiling","status":"publish","type":"page","link":"https:\/\/doroger.co.il\/en\/frame-for-service-opening-in-drg-5-1-gypsum-ceiling\/","title":{"rendered":"Service and inspection opening for plasterboard ceiling  DRG 5.1"},"content":{"rendered":"\t\t<div data-elementor-type=\"wp-page\" data-elementor-id=\"1946\" class=\"elementor elementor-1946 elementor-1468\" data-elementor-post-type=\"page\">\n\t\t\t\t\t\t<section class=\"elementor-section elementor-top-section elementor-element elementor-element-2f62a75 elementor-section-content-middle elementor-section-boxed elementor-section-height-default elementor-section-height-default\" data-id=\"2f62a75\" data-element_type=\"section\">\n\t\t\t\t\t\t<div class=\"elementor-container elementor-column-gap-default\">\n\t\t\t\t\t<div class=\"elementor-column elementor-col-100 elementor-top-column elementor-element elementor-element-574389a\" data-id=\"574389a\" data-element_type=\"column\">\n\t\t\t<div class=\"elementor-widget-wrap elementor-element-populated\">\n\t\t\t\t\t\t<section class=\"elementor-section elementor-inner-section elementor-element elementor-element-bfa6178 elementor-section-full_width elementor-section-content-top elementor-reverse-mobile elementor-section-height-default elementor-section-height-default\" data-id=\"bfa6178\" data-element_type=\"section\">\n\t\t\t\t\t\t<div class=\"elementor-container elementor-column-gap-wider\">\n\t\t\t\t\t<div class=\"elementor-column elementor-col-50 elementor-inner-column elementor-element elementor-element-a30a649\" data-id=\"a30a649\" data-element_type=\"column\">\n\t\t\t<div class=\"elementor-widget-wrap elementor-element-populated\">\n\t\t\t\t\t\t<div class=\"elementor-element elementor-element-e97063e elementor-widget elementor-widget-heading\" data-id=\"e97063e\" data-element_type=\"widget\" data-widget_type=\"heading.default\">\n\t\t\t\t<div class=\"elementor-widget-container\">\n\t\t\t\t\t<h2 class=\"elementor-heading-title elementor-size-default\">Service and inspection opening for plasterboard ceiling DRG 5.1 <\/h2>\t\t\t\t<\/div>\n\t\t\t\t<\/div>\n\t\t\t\t<div class=\"elementor-element elementor-element-1dda60a elementor-widget elementor-widget-text-editor\" data-id=\"1dda60a\" data-element_type=\"widget\" data-widget_type=\"text-editor.default\">\n\t\t\t\t<div class=\"elementor-widget-container\">\n\t\t\t\t\t\t\t\t\t<p><strong>Used to create inspection and service openings in gypsum ceilings of various sizes<\/strong><\/p><ul><li>Product made of high-quality plastic<\/li><li>Composed of separate parts in different sizes<\/li><li>Allows quick and easy installation using a &#8220;Lego&#8221; method<\/li><li>Suitable for 12.5 mm thick gypsum ceilings<\/li><li>Openings can be created in different sizes and assembled modularly<\/li><li>The rib design is U-shaped to perfectly fit<\/li><li>the edge of the cutout and significantly reinforce it<\/li><li>The surface of the frame can be painted with acrylic paint for full<\/li><li>color matching with the ceiling<\/li><li>A design patent registered in Israel and submitted to the United States Patent and Trademark Office under number 509140044.<\/li><li>A unique development by DOROGER<\/li><\/ul>\t\t\t\t\t\t\t\t<\/div>\n\t\t\t\t<\/div>\n\t\t<div class=\"elementor-element elementor-element-1f69c0d e-flex e-con-boxed e-con e-parent\" data-id=\"1f69c0d\" data-element_type=\"container\">\n\t\t\t\t\t<div class=\"e-con-inner\">\n\t\t\t\t<div class=\"elementor-element elementor-element-cd2ec0e elementor-align-right elementor-widget elementor-widget-button\" data-id=\"cd2ec0e\" data-element_type=\"widget\" data-widget_type=\"button.default\">\n\t\t\t\t<div class=\"elementor-widget-container\">\n\t\t\t\t\t\t\t\t\t<div class=\"elementor-button-wrapper\">\n\t\t\t\t\t<a class=\"elementor-button elementor-button-link elementor-size-sm\" href=\"https:\/\/doroger.co.il\/wp-content\/uploads\/2025\/05\/\u05de\u05e1\u05d2\u05e8\u05ea-\u05ea\u05e7\u05e8\u05d4-\u05d4\u05d5\u05e8\u05d0\u05d5\u05ea-\u05d4\u05ea\u05e7\u05e0\u05d4_241211_204926-1.pdf\" target=\"_blank\">\n\t\t\t\t\t\t<span class=\"elementor-button-content-wrapper\">\n\t\t\t\t\t\t\t\t\t<span class=\"elementor-button-text\">Installation Instructions \u2013 Download PDF<\/span>\n\t\t\t\t\t<\/span>\n\t\t\t\t\t<\/a>\n\t\t\t\t<\/div>\n\t\t\t\t\t\t\t\t<\/div>\n\t\t\t\t<\/div>\n\t\t\t\t<div class=\"elementor-element elementor-element-164938e elementor-align-right elementor-widget elementor-widget-button\" data-id=\"164938e\" data-element_type=\"widget\" data-widget_type=\"button.default\">\n\t\t\t\t<div class=\"elementor-widget-container\">\n\t\t\t\t\t\t\t\t\t<div class=\"elementor-button-wrapper\">\n\t\t\t\t\t<a class=\"elementor-button elementor-button-link elementor-size-sm\" href=\"#sirton\">\n\t\t\t\t\t\t<span class=\"elementor-button-content-wrapper\">\n\t\t\t\t\t\t\t\t\t<span class=\"elementor-button-text\">Watch the demo video<\/span>\n\t\t\t\t\t<\/span>\n\t\t\t\t\t<\/a>\n\t\t\t\t<\/div>\n\t\t\t\t\t\t\t\t<\/div>\n\t\t\t\t<\/div>\n\t\t\t\t\t<\/div>\n\t\t\t\t<\/div>\n\t\t\t\t\t<\/div>\n\t\t<\/div>\n\t\t\t\t<div class=\"elementor-column elementor-col-50 elementor-inner-column elementor-element elementor-element-8fadacf\" data-id=\"8fadacf\" data-element_type=\"column\">\n\t\t\t<div class=\"elementor-widget-wrap elementor-element-populated\">\n\t\t\t\t\t\t<div class=\"elementor-element elementor-element-4b1377b elementor-widget elementor-widget-image\" data-id=\"4b1377b\" data-element_type=\"widget\" data-widget_type=\"image.default\">\n\t\t\t\t<div class=\"elementor-widget-container\">\n\t\t\t\t\t\t\t\t\t\t\t\t\t\t\t<img fetchpriority=\"high\" decoding=\"async\" width=\"600\" height=\"600\" src=\"https:\/\/doroger.co.il\/wp-content\/uploads\/2025\/05\/prod51.jpg\" class=\"attachment-large size-large wp-image-1478\" alt=\"\" srcset=\"https:\/\/doroger.co.il\/wp-content\/uploads\/2025\/05\/prod51.jpg 600w, https:\/\/doroger.co.il\/wp-content\/uploads\/2025\/05\/prod51-300x300.jpg 300w, https:\/\/doroger.co.il\/wp-content\/uploads\/2025\/05\/prod51-150x150.jpg 150w\" sizes=\"(max-width: 600px) 100vw, 600px\" \/>\t\t\t\t\t\t\t\t\t\t\t\t\t\t\t<\/div>\n\t\t\t\t<\/div>\n\t\t\t\t\t<\/div>\n\t\t<\/div>\n\t\t\t\t\t<\/div>\n\t\t<\/section>\n\t\t\t\t<section class=\"elementor-section elementor-inner-section elementor-element elementor-element-9976f2b elementor-section-full_width elementor-section-content-middle elementor-section-height-default elementor-section-height-default\" data-id=\"9976f2b\" data-element_type=\"section\">\n\t\t\t\t\t\t<div class=\"elementor-container elementor-column-gap-wider\">\n\t\t\t\t\t<div class=\"elementor-column elementor-col-50 elementor-inner-column elementor-element elementor-element-e9cd4c7\" data-id=\"e9cd4c7\" data-element_type=\"column\">\n\t\t\t<div class=\"elementor-widget-wrap elementor-element-populated\">\n\t\t\t\t\t\t<div class=\"elementor-element elementor-element-607aee2 elementor-widget elementor-widget-text-editor\" data-id=\"607aee2\" data-element_type=\"widget\" data-widget_type=\"text-editor.default\">\n\t\t\t\t<div class=\"elementor-widget-container\">\n\t\t\t\t\t\t\t\t\t<strong>Technical Data:<\/strong>\n<ul>\n \t<li>Material: ABS<\/li>\n \t<li>Beam weight: 34\u2013600 g, Beam 68\u2013300 g, Corner connector: 10 g<\/li>\n \t<li>Suitable for 12.5 mm thick gypsum ceilings<\/li>\n \t<li>Cut-out sizes in gypsum: 300\u00d7300, 600\u00d7600, 300\u00d7600 mm<\/li>\n \t<li>Color: White<\/li>\n \t<li>Country of manufacture: Israel<\/li>\n<\/ul>\nManufactured, designed, and developed by Doroger Ltd.  \nRegistered patent No. 70165\n\t\t\t\t\t\t\t\t<\/div>\n\t\t\t\t<\/div>\n\t\t\t\t<div class=\"elementor-element elementor-element-7a07093 elementor-widget elementor-widget-image\" data-id=\"7a07093\" data-element_type=\"widget\" data-widget_type=\"image.default\">\n\t\t\t\t<div class=\"elementor-widget-container\">\n\t\t\t\t\t\t\t\t\t\t\t\t\t\t\t<img decoding=\"async\" width=\"798\" height=\"140\" src=\"https:\/\/doroger.co.il\/wp-content\/uploads\/2025\/05\/Screenshot_12.png\" class=\"attachment-large size-large wp-image-1482\" alt=\"\" srcset=\"https:\/\/doroger.co.il\/wp-content\/uploads\/2025\/05\/Screenshot_12.png 798w, https:\/\/doroger.co.il\/wp-content\/uploads\/2025\/05\/Screenshot_12-300x53.png 300w, https:\/\/doroger.co.il\/wp-content\/uploads\/2025\/05\/Screenshot_12-768x135.png 768w\" sizes=\"(max-width: 798px) 100vw, 798px\" \/>\t\t\t\t\t\t\t\t\t\t\t\t\t\t\t<\/div>\n\t\t\t\t<\/div>\n\t\t\t\t\t<\/div>\n\t\t<\/div>\n\t\t\t\t<div class=\"elementor-column elementor-col-50 elementor-inner-column elementor-element elementor-element-f6d496f\" data-id=\"f6d496f\" data-element_type=\"column\">\n\t\t\t<div class=\"elementor-widget-wrap elementor-element-populated\">\n\t\t\t\t\t\t<div class=\"elementor-element elementor-element-ee2a14f elementor-widget elementor-widget-image\" data-id=\"ee2a14f\" data-element_type=\"widget\" data-widget_type=\"image.default\">\n\t\t\t\t<div class=\"elementor-widget-container\">\n\t\t\t\t\t\t\t\t\t\t\t\t\t\t\t<img decoding=\"async\" width=\"600\" height=\"600\" src=\"https:\/\/doroger.co.il\/wp-content\/uploads\/2025\/05\/prod52.jpg\" class=\"attachment-large size-large wp-image-1480\" alt=\"\" srcset=\"https:\/\/doroger.co.il\/wp-content\/uploads\/2025\/05\/prod52.jpg 600w, https:\/\/doroger.co.il\/wp-content\/uploads\/2025\/05\/prod52-300x300.jpg 300w, https:\/\/doroger.co.il\/wp-content\/uploads\/2025\/05\/prod52-150x150.jpg 150w\" sizes=\"(max-width: 600px) 100vw, 600px\" \/>\t\t\t\t\t\t\t\t\t\t\t\t\t\t\t<\/div>\n\t\t\t\t<\/div>\n\t\t\t\t\t<\/div>\n\t\t<\/div>\n\t\t\t\t\t<\/div>\n\t\t<\/section>\n\t\t\t\t\t<\/div>\n\t\t<\/div>\n\t\t\t\t\t<\/div>\n\t\t<\/section>\n\t\t<div class=\"elementor-element elementor-element-4ea3812 e-flex e-con-boxed e-con e-parent\" data-id=\"4ea3812\" data-element_type=\"container\">\n\t\t\t\t\t<div class=\"e-con-inner\">\n\t\t\t\t<div class=\"elementor-element elementor-element-bb948fe elementor-widget elementor-widget-video\" data-id=\"bb948fe\" data-element_type=\"widget\" data-settings=\"{&quot;video_type&quot;:&quot;hosted&quot;,&quot;controls&quot;:&quot;yes&quot;}\" data-widget_type=\"video.default\">\n\t\t\t\t<div class=\"elementor-widget-container\">\n\t\t\t\t\t\t\t<div class=\"e-hosted-video elementor-wrapper elementor-open-inline\">\n\t\t\t\t\t<video class=\"elementor-video\" src=\"https:\/\/doroger.co.il\/wp-content\/uploads\/2026\/01\/WhatsApp-Video-2026-01-18-at-07.58.44-1-1.mp4\" controls=\"\" preload=\"metadata\" controlsList=\"nodownload\"><\/video>\n\t\t\t\t<\/div>\n\t\t\t\t\t\t<\/div>\n\t\t\t\t<\/div>\n\t\t\t\t\t<\/div>\n\t\t\t\t<\/div>\n\t\t\t\t<\/div>\n\t\t","protected":false},"excerpt":{"rendered":"<p>Service and inspection opening for plasterboard ceiling DRG 5.1 Used to create inspection and service openings in gypsum ceilings of various sizes Product made of high-quality plastic Composed of separate parts in different sizes Allows quick and easy installation using a &#8220;Lego&#8221; method Suitable for 12.5 mm thick gypsum ceilings Openings can be created in [&hellip;]<\/p>\n","protected":false},"author":1,"featured_media":0,"parent":0,"menu_order":0,"comment_status":"closed","ping_status":"closed","template":"","meta":{"footnotes":""},"class_list":["post-1946","page","type-page","status-publish","hentry"],"yoast_head":"<!-- This site is optimized with the Yoast SEO plugin v25.1 - https:\/\/yoast.com\/wordpress\/plugins\/seo\/ -->\n<title>Service and inspection opening for plasterboard ceiling DRG 5.1 - Doroger \u05e4\u05ea\u05e8\u05d5\u05e0\u05d5\u05ea \u05d4\u05e0\u05d3\u05e1\u05d9\u05d9\u05dd<\/title>\n<meta name=\"description\" content=\"\u05de\u05e9\u05de\u05e9 \u05dc\u05d9\u05e6\u05d9\u05e8\u05ea \u05e4\u05ea\u05d7\u05d9\u05dd \u05d1\u05e7\u05e8\u05d4 \u05d5\u05e9\u05d5\u05e8\u05d5\u05ea \u05d1\u05ea\u05e7\u05e8\u05d5\u05ea \u05d2\u05d1\u05e1 \u05d1\u05d2\u05d3\u05dc\u05d9\u05dd \u05e9\u05d5\u05e0\u05d9\u05dd\u05de\u05d5\u05e6\u05e8 \u05e2\u05e9\u05d5\u05d9 \u05de\u05e4\u05dc\u05e1\u05d8\u05d9\u05e7 \u05d0\u05d9\u05db\u05d5\u05ea\u05d9\u05de\u05d5\u05e8\u05db\u05d1 \u05de\u05d7\u05dc\u05e7\u05d9\u05dd \u05e0\u05e4\u05e8\u05d3\u05d9\u05dd \u05d1\u05d2\u05d3\u05dc\u05d9\u05dd \u05e9\u05d5\u05e0\u05d9\u05dd\" \/>\n<meta name=\"robots\" content=\"index, follow, max-snippet:-1, max-image-preview:large, max-video-preview:-1\" \/>\n<link rel=\"canonical\" href=\"https:\/\/doroger.co.il\/en\/frame-for-service-opening-in-drg-5-1-gypsum-ceiling\/\" \/>\n<meta property=\"og:locale\" content=\"en_US\" \/>\n<meta property=\"og:type\" content=\"article\" \/>\n<meta property=\"og:title\" content=\"Service and inspection opening for plasterboard ceiling DRG 5.1 - Doroger \u05e4\u05ea\u05e8\u05d5\u05e0\u05d5\u05ea \u05d4\u05e0\u05d3\u05e1\u05d9\u05d9\u05dd\" \/>\n<meta property=\"og:description\" content=\"\u05de\u05e9\u05de\u05e9 \u05dc\u05d9\u05e6\u05d9\u05e8\u05ea \u05e4\u05ea\u05d7\u05d9\u05dd \u05d1\u05e7\u05e8\u05d4 \u05d5\u05e9\u05d5\u05e8\u05d5\u05ea \u05d1\u05ea\u05e7\u05e8\u05d5\u05ea \u05d2\u05d1\u05e1 \u05d1\u05d2\u05d3\u05dc\u05d9\u05dd \u05e9\u05d5\u05e0\u05d9\u05dd\u05de\u05d5\u05e6\u05e8 \u05e2\u05e9\u05d5\u05d9 \u05de\u05e4\u05dc\u05e1\u05d8\u05d9\u05e7 \u05d0\u05d9\u05db\u05d5\u05ea\u05d9\u05de\u05d5\u05e8\u05db\u05d1 \u05de\u05d7\u05dc\u05e7\u05d9\u05dd \u05e0\u05e4\u05e8\u05d3\u05d9\u05dd \u05d1\u05d2\u05d3\u05dc\u05d9\u05dd \u05e9\u05d5\u05e0\u05d9\u05dd\" \/>\n<meta property=\"og:url\" content=\"https:\/\/doroger.co.il\/en\/frame-for-service-opening-in-drg-5-1-gypsum-ceiling\/\" \/>\n<meta property=\"og:site_name\" content=\"Doroger \u05e4\u05ea\u05e8\u05d5\u05e0\u05d5\u05ea \u05d4\u05e0\u05d3\u05e1\u05d9\u05d9\u05dd\" \/>\n<meta property=\"article:modified_time\" content=\"2026-01-20T11:29:42+00:00\" \/>\n<meta property=\"og:image\" content=\"https:\/\/doroger.co.il\/wp-content\/uploads\/2025\/05\/prod51.jpg\" \/>\n\t<meta property=\"og:image:width\" content=\"600\" \/>\n\t<meta property=\"og:image:height\" content=\"600\" \/>\n\t<meta property=\"og:image:type\" content=\"image\/jpeg\" \/>\n<meta name=\"twitter:card\" content=\"summary_large_image\" \/>\n<meta name=\"twitter:label1\" content=\"Est. reading time\" \/>\n\t<meta name=\"twitter:data1\" content=\"2 minutes\" \/>\n<script type=\"application\/ld+json\" class=\"yoast-schema-graph\">{\"@context\":\"https:\/\/schema.org\",\"@graph\":[{\"@type\":\"WebPage\",\"@id\":\"https:\/\/doroger.co.il\/en\/frame-for-service-opening-in-drg-5-1-gypsum-ceiling\/\",\"url\":\"https:\/\/doroger.co.il\/en\/frame-for-service-opening-in-drg-5-1-gypsum-ceiling\/\",\"name\":\"Service and inspection opening for plasterboard ceiling DRG 5.1 - Doroger \u05e4\u05ea\u05e8\u05d5\u05e0\u05d5\u05ea \u05d4\u05e0\u05d3\u05e1\u05d9\u05d9\u05dd\",\"isPartOf\":{\"@id\":\"https:\/\/doroger.co.il\/en\/#website\"},\"primaryImageOfPage\":{\"@id\":\"https:\/\/doroger.co.il\/en\/frame-for-service-opening-in-drg-5-1-gypsum-ceiling\/#primaryimage\"},\"image\":{\"@id\":\"https:\/\/doroger.co.il\/en\/frame-for-service-opening-in-drg-5-1-gypsum-ceiling\/#primaryimage\"},\"thumbnailUrl\":\"https:\/\/doroger.co.il\/wp-content\/uploads\/2025\/05\/prod51.jpg\",\"datePublished\":\"2025-05-18T17:21:55+00:00\",\"dateModified\":\"2026-01-20T11:29:42+00:00\",\"description\":\"\u05de\u05e9\u05de\u05e9 \u05dc\u05d9\u05e6\u05d9\u05e8\u05ea \u05e4\u05ea\u05d7\u05d9\u05dd \u05d1\u05e7\u05e8\u05d4 \u05d5\u05e9\u05d5\u05e8\u05d5\u05ea \u05d1\u05ea\u05e7\u05e8\u05d5\u05ea \u05d2\u05d1\u05e1 \u05d1\u05d2\u05d3\u05dc\u05d9\u05dd \u05e9\u05d5\u05e0\u05d9\u05dd\u05de\u05d5\u05e6\u05e8 \u05e2\u05e9\u05d5\u05d9 \u05de\u05e4\u05dc\u05e1\u05d8\u05d9\u05e7 \u05d0\u05d9\u05db\u05d5\u05ea\u05d9\u05de\u05d5\u05e8\u05db\u05d1 \u05de\u05d7\u05dc\u05e7\u05d9\u05dd \u05e0\u05e4\u05e8\u05d3\u05d9\u05dd \u05d1\u05d2\u05d3\u05dc\u05d9\u05dd \u05e9\u05d5\u05e0\u05d9\u05dd\",\"breadcrumb\":{\"@id\":\"https:\/\/doroger.co.il\/en\/frame-for-service-opening-in-drg-5-1-gypsum-ceiling\/#breadcrumb\"},\"inLanguage\":\"en-US\",\"potentialAction\":[{\"@type\":\"ReadAction\",\"target\":[\"https:\/\/doroger.co.il\/en\/frame-for-service-opening-in-drg-5-1-gypsum-ceiling\/\"]}]},{\"@type\":\"ImageObject\",\"inLanguage\":\"en-US\",\"@id\":\"https:\/\/doroger.co.il\/en\/frame-for-service-opening-in-drg-5-1-gypsum-ceiling\/#primaryimage\",\"url\":\"https:\/\/doroger.co.il\/wp-content\/uploads\/2025\/05\/prod51.jpg\",\"contentUrl\":\"https:\/\/doroger.co.il\/wp-content\/uploads\/2025\/05\/prod51.jpg\"},{\"@type\":\"BreadcrumbList\",\"@id\":\"https:\/\/doroger.co.il\/en\/frame-for-service-opening-in-drg-5-1-gypsum-ceiling\/#breadcrumb\",\"itemListElement\":[{\"@type\":\"ListItem\",\"position\":1,\"name\":\"Home\",\"item\":\"https:\/\/doroger.co.il\/en\/home\/\"},{\"@type\":\"ListItem\",\"position\":2,\"name\":\"Service and inspection opening for plasterboard ceiling DRG 5.1\"}]},{\"@type\":\"WebSite\",\"@id\":\"https:\/\/doroger.co.il\/en\/#website\",\"url\":\"https:\/\/doroger.co.il\/en\/\",\"name\":\"Doroger \u05e4\u05ea\u05e8\u05d5\u05e0\u05d5\u05ea \u05d4\u05e0\u05d3\u05e1\u05d9\u05d9\u05dd\",\"description\":\"\",\"publisher\":{\"@id\":\"https:\/\/doroger.co.il\/en\/#organization\"},\"potentialAction\":[{\"@type\":\"SearchAction\",\"target\":{\"@type\":\"EntryPoint\",\"urlTemplate\":\"https:\/\/doroger.co.il\/en\/?s={search_term_string}\"},\"query-input\":{\"@type\":\"PropertyValueSpecification\",\"valueRequired\":true,\"valueName\":\"search_term_string\"}}],\"inLanguage\":\"en-US\"},{\"@type\":\"Organization\",\"@id\":\"https:\/\/doroger.co.il\/en\/#organization\",\"name\":\"\u05d7\u05d1\u05e8\u05ea \u05d3\u05d5\u05e8\u05d5\u05d2\u05e8 \u05d1\u05e2\\\"\u05de\",\"url\":\"https:\/\/doroger.co.il\/en\/\",\"logo\":{\"@type\":\"ImageObject\",\"inLanguage\":\"en-US\",\"@id\":\"https:\/\/doroger.co.il\/en\/#\/schema\/logo\/image\/\",\"url\":\"https:\/\/doroger.co.il\/wp-content\/uploads\/2022\/06\/logo.png\",\"contentUrl\":\"https:\/\/doroger.co.il\/wp-content\/uploads\/2022\/06\/logo.png\",\"width\":239,\"height\":123,\"caption\":\"\u05d7\u05d1\u05e8\u05ea \u05d3\u05d5\u05e8\u05d5\u05d2\u05e8 \u05d1\u05e2\\\"\u05de\"},\"image\":{\"@id\":\"https:\/\/doroger.co.il\/en\/#\/schema\/logo\/image\/\"}}]}<\/script>\n<!-- \/ Yoast SEO plugin. -->","yoast_head_json":{"title":"Service and inspection opening for plasterboard ceiling DRG 5.1 - Doroger \u05e4\u05ea\u05e8\u05d5\u05e0\u05d5\u05ea \u05d4\u05e0\u05d3\u05e1\u05d9\u05d9\u05dd","description":"\u05de\u05e9\u05de\u05e9 \u05dc\u05d9\u05e6\u05d9\u05e8\u05ea \u05e4\u05ea\u05d7\u05d9\u05dd \u05d1\u05e7\u05e8\u05d4 \u05d5\u05e9\u05d5\u05e8\u05d5\u05ea \u05d1\u05ea\u05e7\u05e8\u05d5\u05ea \u05d2\u05d1\u05e1 \u05d1\u05d2\u05d3\u05dc\u05d9\u05dd \u05e9\u05d5\u05e0\u05d9\u05dd\u05de\u05d5\u05e6\u05e8 \u05e2\u05e9\u05d5\u05d9 \u05de\u05e4\u05dc\u05e1\u05d8\u05d9\u05e7 \u05d0\u05d9\u05db\u05d5\u05ea\u05d9\u05de\u05d5\u05e8\u05db\u05d1 \u05de\u05d7\u05dc\u05e7\u05d9\u05dd \u05e0\u05e4\u05e8\u05d3\u05d9\u05dd \u05d1\u05d2\u05d3\u05dc\u05d9\u05dd \u05e9\u05d5\u05e0\u05d9\u05dd","robots":{"index":"index","follow":"follow","max-snippet":"max-snippet:-1","max-image-preview":"max-image-preview:large","max-video-preview":"max-video-preview:-1"},"canonical":"https:\/\/doroger.co.il\/en\/frame-for-service-opening-in-drg-5-1-gypsum-ceiling\/","og_locale":"en_US","og_type":"article","og_title":"Service and inspection opening for plasterboard ceiling DRG 5.1 - Doroger \u05e4\u05ea\u05e8\u05d5\u05e0\u05d5\u05ea \u05d4\u05e0\u05d3\u05e1\u05d9\u05d9\u05dd","og_description":"\u05de\u05e9\u05de\u05e9 \u05dc\u05d9\u05e6\u05d9\u05e8\u05ea \u05e4\u05ea\u05d7\u05d9\u05dd \u05d1\u05e7\u05e8\u05d4 \u05d5\u05e9\u05d5\u05e8\u05d5\u05ea \u05d1\u05ea\u05e7\u05e8\u05d5\u05ea \u05d2\u05d1\u05e1 \u05d1\u05d2\u05d3\u05dc\u05d9\u05dd \u05e9\u05d5\u05e0\u05d9\u05dd\u05de\u05d5\u05e6\u05e8 \u05e2\u05e9\u05d5\u05d9 \u05de\u05e4\u05dc\u05e1\u05d8\u05d9\u05e7 \u05d0\u05d9\u05db\u05d5\u05ea\u05d9\u05de\u05d5\u05e8\u05db\u05d1 \u05de\u05d7\u05dc\u05e7\u05d9\u05dd \u05e0\u05e4\u05e8\u05d3\u05d9\u05dd \u05d1\u05d2\u05d3\u05dc\u05d9\u05dd \u05e9\u05d5\u05e0\u05d9\u05dd","og_url":"https:\/\/doroger.co.il\/en\/frame-for-service-opening-in-drg-5-1-gypsum-ceiling\/","og_site_name":"Doroger \u05e4\u05ea\u05e8\u05d5\u05e0\u05d5\u05ea \u05d4\u05e0\u05d3\u05e1\u05d9\u05d9\u05dd","article_modified_time":"2026-01-20T11:29:42+00:00","og_image":[{"width":600,"height":600,"url":"https:\/\/doroger.co.il\/wp-content\/uploads\/2025\/05\/prod51.jpg","type":"image\/jpeg"}],"twitter_card":"summary_large_image","twitter_misc":{"Est. reading time":"2 minutes"},"schema":{"@context":"https:\/\/schema.org","@graph":[{"@type":"WebPage","@id":"https:\/\/doroger.co.il\/en\/frame-for-service-opening-in-drg-5-1-gypsum-ceiling\/","url":"https:\/\/doroger.co.il\/en\/frame-for-service-opening-in-drg-5-1-gypsum-ceiling\/","name":"Service and inspection opening for plasterboard ceiling DRG 5.1 - Doroger \u05e4\u05ea\u05e8\u05d5\u05e0\u05d5\u05ea \u05d4\u05e0\u05d3\u05e1\u05d9\u05d9\u05dd","isPartOf":{"@id":"https:\/\/doroger.co.il\/en\/#website"},"primaryImageOfPage":{"@id":"https:\/\/doroger.co.il\/en\/frame-for-service-opening-in-drg-5-1-gypsum-ceiling\/#primaryimage"},"image":{"@id":"https:\/\/doroger.co.il\/en\/frame-for-service-opening-in-drg-5-1-gypsum-ceiling\/#primaryimage"},"thumbnailUrl":"https:\/\/doroger.co.il\/wp-content\/uploads\/2025\/05\/prod51.jpg","datePublished":"2025-05-18T17:21:55+00:00","dateModified":"2026-01-20T11:29:42+00:00","description":"\u05de\u05e9\u05de\u05e9 \u05dc\u05d9\u05e6\u05d9\u05e8\u05ea \u05e4\u05ea\u05d7\u05d9\u05dd \u05d1\u05e7\u05e8\u05d4 \u05d5\u05e9\u05d5\u05e8\u05d5\u05ea \u05d1\u05ea\u05e7\u05e8\u05d5\u05ea \u05d2\u05d1\u05e1 \u05d1\u05d2\u05d3\u05dc\u05d9\u05dd \u05e9\u05d5\u05e0\u05d9\u05dd\u05de\u05d5\u05e6\u05e8 \u05e2\u05e9\u05d5\u05d9 \u05de\u05e4\u05dc\u05e1\u05d8\u05d9\u05e7 \u05d0\u05d9\u05db\u05d5\u05ea\u05d9\u05de\u05d5\u05e8\u05db\u05d1 \u05de\u05d7\u05dc\u05e7\u05d9\u05dd \u05e0\u05e4\u05e8\u05d3\u05d9\u05dd \u05d1\u05d2\u05d3\u05dc\u05d9\u05dd \u05e9\u05d5\u05e0\u05d9\u05dd","breadcrumb":{"@id":"https:\/\/doroger.co.il\/en\/frame-for-service-opening-in-drg-5-1-gypsum-ceiling\/#breadcrumb"},"inLanguage":"en-US","potentialAction":[{"@type":"ReadAction","target":["https:\/\/doroger.co.il\/en\/frame-for-service-opening-in-drg-5-1-gypsum-ceiling\/"]}]},{"@type":"ImageObject","inLanguage":"en-US","@id":"https:\/\/doroger.co.il\/en\/frame-for-service-opening-in-drg-5-1-gypsum-ceiling\/#primaryimage","url":"https:\/\/doroger.co.il\/wp-content\/uploads\/2025\/05\/prod51.jpg","contentUrl":"https:\/\/doroger.co.il\/wp-content\/uploads\/2025\/05\/prod51.jpg"},{"@type":"BreadcrumbList","@id":"https:\/\/doroger.co.il\/en\/frame-for-service-opening-in-drg-5-1-gypsum-ceiling\/#breadcrumb","itemListElement":[{"@type":"ListItem","position":1,"name":"Home","item":"https:\/\/doroger.co.il\/en\/home\/"},{"@type":"ListItem","position":2,"name":"Service and inspection opening for plasterboard ceiling DRG 5.1"}]},{"@type":"WebSite","@id":"https:\/\/doroger.co.il\/en\/#website","url":"https:\/\/doroger.co.il\/en\/","name":"Doroger \u05e4\u05ea\u05e8\u05d5\u05e0\u05d5\u05ea \u05d4\u05e0\u05d3\u05e1\u05d9\u05d9\u05dd","description":"","publisher":{"@id":"https:\/\/doroger.co.il\/en\/#organization"},"potentialAction":[{"@type":"SearchAction","target":{"@type":"EntryPoint","urlTemplate":"https:\/\/doroger.co.il\/en\/?s={search_term_string}"},"query-input":{"@type":"PropertyValueSpecification","valueRequired":true,"valueName":"search_term_string"}}],"inLanguage":"en-US"},{"@type":"Organization","@id":"https:\/\/doroger.co.il\/en\/#organization","name":"\u05d7\u05d1\u05e8\u05ea \u05d3\u05d5\u05e8\u05d5\u05d2\u05e8 \u05d1\u05e2\"\u05de","url":"https:\/\/doroger.co.il\/en\/","logo":{"@type":"ImageObject","inLanguage":"en-US","@id":"https:\/\/doroger.co.il\/en\/#\/schema\/logo\/image\/","url":"https:\/\/doroger.co.il\/wp-content\/uploads\/2022\/06\/logo.png","contentUrl":"https:\/\/doroger.co.il\/wp-content\/uploads\/2022\/06\/logo.png","width":239,"height":123,"caption":"\u05d7\u05d1\u05e8\u05ea \u05d3\u05d5\u05e8\u05d5\u05d2\u05e8 \u05d1\u05e2\"\u05de"},"image":{"@id":"https:\/\/doroger.co.il\/en\/#\/schema\/logo\/image\/"}}]}},"_links":{"self":[{"href":"https:\/\/doroger.co.il\/en\/wp-json\/wp\/v2\/pages\/1946","targetHints":{"allow":["GET"]}}],"collection":[{"href":"https:\/\/doroger.co.il\/en\/wp-json\/wp\/v2\/pages"}],"about":[{"href":"https:\/\/doroger.co.il\/en\/wp-json\/wp\/v2\/types\/page"}],"author":[{"embeddable":true,"href":"https:\/\/doroger.co.il\/en\/wp-json\/wp\/v2\/users\/1"}],"replies":[{"embeddable":true,"href":"https:\/\/doroger.co.il\/en\/wp-json\/wp\/v2\/comments?post=1946"}],"version-history":[{"count":21,"href":"https:\/\/doroger.co.il\/en\/wp-json\/wp\/v2\/pages\/1946\/revisions"}],"predecessor-version":[{"id":2186,"href":"https:\/\/doroger.co.il\/en\/wp-json\/wp\/v2\/pages\/1946\/revisions\/2186"}],"wp:attachment":[{"href":"https:\/\/doroger.co.il\/en\/wp-json\/wp\/v2\/media?parent=1946"}],"curies":[{"name":"wp","href":"https:\/\/api.w.org\/{rel}","templated":true}]}}